{"id":1239,"date":"2023-10-26T12:19:57","date_gmt":"2023-10-26T12:19:57","guid":{"rendered":"https:\/\/bbbv.francophonie-calgary.ca\/programme-intergenerationnel\/"},"modified":"2024-01-17T18:18:30","modified_gmt":"2024-01-17T18:18:30","slug":"programme-intergenerationnel","status":"publish","type":"page","link":"https:\/\/bbbv.francophonie-calgary.ca\/en\/programme-intergenerationnel\/","title":{"rendered":"Programme interg\u00e9n\u00e9rationnel EN"},"content":{"rendered":"<div class=\"wpb-content-wrapper\"><p>[vc_row][vc_column]\t\t<div class=\"cta-banner pt_80 pb_80\" style=background-image:url(https:\/\/bbbv.francophonie-calgary.ca\/wp-content\/uploads\/2023\/11\/event-BBBV-047.jpg);>\r\n\t\t\t<div class=\"container text-center d-flex align-items-center justify-content-center\">\r\n\t\t\t\t<div class=\"cta-banner-content\">\r\n\t\t\t\t\t<\/p>\n<h3 style=\"text-align: center;\">Programme interg\u00e9n\u00e9rationnel<\/h3>\n<div style=\"text-align: center;\">Le mentorat social des ain\u00e9s et l\u2019apprentissage interg\u00e9n\u00e9rationnel<\/div>\n<p>\n<\/h3>\r\n\t\t\t\t\t\t\t\t\t<\/div>\r\n\t\t\t<\/div>\r\n\t\t\t<div class=\"gt-separator\">\r\n\t\t\t\t<svg fill=\"#f4f6fa\" xmlns=\"https:\/\/www.w3.org\/2000\/svg\" viewBox=\"0 0 1480 117\" preserveAspectRatio=\"none\">\r\n\t\t\t\t\t<path d=\"M0 24.5c246.7 46.3 493.3 69.4 740 69.4s493.3-23.1 740-69.4V117H0V24.5z\"><\/path>\r\n\t\t\t\t<\/svg>\r\n\t\t\t<\/div>\r\n\t\t<\/div>\r\n\t\t[\/vc_column][\/vc_row][vc_row css=&#8221;.vc_custom_1698866813263{padding-right: 30px !important;padding-left: 30px !important;}&#8221;][vc_column width=&#8221;1\/6&#8243;][\/vc_column][vc_column width=&#8221;2\/3&#8243;][vc_empty_space height=&#8221;80px&#8221;][vc_column_text]<img loading=\"lazy\" decoding=\"async\" class=\"wp-image-1159 size-medium alignright\" src=\"https:\/\/bbbv.francophonie-calgary.ca\/wp-content\/uploads\/2023\/11\/Image-cercle-bbbv01-300x289.png\" alt=\"\" width=\"300\" height=\"289\" srcset=\"https:\/\/bbbv.francophonie-calgary.ca\/wp-content\/uploads\/2023\/11\/Image-cercle-bbbv01-300x289.png 300w, https:\/\/bbbv.francophonie-calgary.ca\/wp-content\/uploads\/2023\/11\/Image-cercle-bbbv01-385x370.png 385w, https:\/\/bbbv.francophonie-calgary.ca\/wp-content\/uploads\/2023\/11\/Image-cercle-bbbv01.png 700w\" sizes=\"auto, (max-width: 300px) 100vw, 300px\" \/>EN &#8211; &#8230;. Devant l\u2019ampleur des besoins d\u2019accompagnement en milieu scolaire, des besoins en formation continue dans les organismes, et le d\u00e9sir des a\u00een\u00e9s d\u2019\u00eatre int\u00e9gr\u00e9s dans de nouvelles activit\u00e9s ludiques, il est devenu n\u00e9cessaire de mettre en place un programme de mentorat et d\u2019apprentissage interg\u00e9n\u00e9rationnel.<\/p>\n<p>Le programme de mentorat et d\u2019apprentissage interg\u00e9n\u00e9rationnel a \u00e9t\u00e9 mis en place par l\u2019ACFA r\u00e9gionale de Calgary afin de donner l\u2019opportunit\u00e9 aux ain\u00e9s francophones (+ 55 ans) de la grande r\u00e9gion de Calgary de partager leurs expertises et talents avec la communaut\u00e9 francophone (organismes, associations, \u00e9coles, etc.).<\/p>\n<p>Ce programme favorise l\u2019\u00e9tablissement de relations entre les g\u00e9n\u00e9rations et par la m\u00eame occasion une continuit\u00e9 des savoirs. Il devient donc essentiel face au d\u00e9part \u00e0 la retraite de la g\u00e9n\u00e9ration des baby-boomers pour pallier la perte de talents et de comp\u00e9tences cl\u00e9s.<\/p>\n<p>Il permet de lutter contre divers probl\u00e8mes sociaux auxquels les ain\u00e9s peuvent \u00eatre confront\u00e9s tels que la solitude, l\u2019isolement, l\u2019\u00e2gisme, les \u00e9carts entre les diff\u00e9rentes identit\u00e9s culturelles, le d\u00e9clin cognitif etc.[\/vc_column_text][vc_empty_space height=&#8221;22px&#8221;][\/vc_column][vc_column width=&#8221;1\/6&#8243;][\/vc_column][\/vc_row][vc_row type=&#8221;container&#8221;][vc_column width=&#8221;1\/2&#8243;]\t\t\t<!-- Image Content -->\n\t\t\t<div class=\"theme-imagecontent pt_30 pb_30\">\n\t\t\t\t<div class=\"content-box\">\n\t\t\t\t\t<div class=\"gt-banner-box\" style=\"background-image: url(https:\/\/bbbv.francophonie-calgary.ca\/wp-content\/uploads\/2023\/10\/Atelier-Calgary-02.jpg);\">\n\t\t\t\t\t\t<a href=\"https:\/\/bbbv.francophonie-calgary.ca\/programme-intergenerationnel\/ateliers-de-mentorat-pour-les-organismes\/\">\n\t\t\t\t\t\t\t<div class=\"gt-content\">\n\t\t\t\t\t\t\t\t<p>Workshops ..de mentorat<\/p>\n\t\t\t\t\t\t\t\t\t<p>pour les organismes<\/p>\n\t\t\t\t\t\t\t\t\t\t\t\t\t\t\t\t<\/div>\n\t\t\t\t\t\t<\/a>\n\t\t\t\t\t<\/div>\n\t\t\t\t\t<a href=\"#\" data-bs-toggle=\"modal\" data-bs-target=\"#lb-detail-899601214\" class=\"more-btn\">+<\/a>\n\t\t\t\t\t<!-- Modal -->\n\t\t\t\t\t<div class=\"modal fade\" id=\"lb-detail-899601214\" data-bs-backdrop=\"static\" data-bs-keyboard=\"false\" tabindex=\"-1\" aria-labelledby=\"teamLabel\" aria-hidden=\"true\">\n\t\t\t\t\t\t<div class=\"modal-dialog modal-dialog-centered\">\n\t\t\t\t\t\t\t<div class=\"modal-content\">\n\t\t\t\t\t\t\t\t<div class=\"modal-body\">\n\t\t\t\t\t\t\t\t\t<div class=\"popup-box d-sm-flex\">\n\t\t\t\t\t\t\t\t\t\t<div class=\"content-box\">\n\t\t\t\t\t\t\t\t\t\t\t<\/p>\n<ul>\n<li><strong>Le mentorat social des ain\u00e9s<\/strong> :<\/li>\n<\/ul>\n<p>EN&#8230; Arriv\u00e9 \u00e0 l\u2019\u00e2ge de la retraite, chaque individu apporte avec lui un bagage important d\u2019expertises, de comp\u00e9tences et de savoir-faire utiles \u00e0 la communaut\u00e9.<\/p>\n<p>Les exp\u00e9riences et acquis des ain\u00e9s sont des atouts pour les organismes \u00e0 mission sociale au sein d\u2019une communaut\u00e9 de langue officielle en situation minoritaire.<\/p>\n<p>Dans le but de transf\u00e9rer leurs comp\u00e9tences, les ain\u00e9s francophones ont \u00e9labor\u00e9 des ateliers de mentorat, portant sur leurs expertises vari\u00e9es et essentielles qu\u2019ils ont appris par passion ou par m\u00e9tier pour une meilleure gestion des organismes.<\/p>\n\t\t\t\t\t\t\t\t\t\t\t\t\t\t\t\t\t\t\t\t\t\t\t<a href=\"https:\/\/bbbv.francophonie-calgary.ca\/programme-intergenerationnel\/ateliers-de-mentorat-pour-les-organismes\/\" class=\"mt-2 btn btn-primary\">\n\t\t\t\t\t\t\t\t\t\t\t\t\tAteliers de mentorat pour les organismes\t\t\t\t\t\t\t\t\t\t\t\t<\/a>\n\t\t\t\t\t\t\t\t\t\t\t\t\t\t\t\t\t\t\t\t\t\t<\/div>\n\t\t\t\t\t\t\t\t\t<\/div>\n\t\t\t\t\t\t\t\t<\/div>\n\t\t\t\t\t\t\t\t<button type=\"button\" data-bs-dismiss=\"modal\"><i class=\"far fa-window-close\"><\/i><\/button>\n\t\t\t\t\t\t\t<\/div>\n\t\t\t\t\t\t<\/div>\n\t\t\t\t\t<\/div>\n\t\t\t\t<\/div>\n\t\t\t<\/div><!-- Image Content \/- -->\n\t\t\t[\/vc_column][vc_column width=&#8221;1\/2&#8243;]\t\t\t<!-- Image Content -->\n\t\t\t<div class=\"theme-imagecontent pt_30 pb_30\">\n\t\t\t\t<div class=\"content-box\">\n\t\t\t\t\t<div class=\"gt-banner-box\" style=\"background-image: url(https:\/\/bbbv.francophonie-calgary.ca\/wp-content\/uploads\/2023\/10\/Calgary-engeneering-01.jpg);\">\n\t\t\t\t\t\t<a href=\"https:\/\/bbbv.francophonie-calgary.ca\/programme-intergenerationnel\/ateliers-dapprentissage-pour-les-ecoles\/\">\n\t\t\t\t\t\t\t<div class=\"gt-content\">\n\t\t\t\t\t\t\t\t<p>Ateliers d\u2019apprentissage<\/p>\n\t\t\t\t\t\t\t\t\t<p>pour les \u00e9coles<\/p>\n\t\t\t\t\t\t\t\t\t\t\t\t\t\t\t\t<\/div>\n\t\t\t\t\t\t<\/a>\n\t\t\t\t\t<\/div>\n\t\t\t\t\t<a href=\"#\" data-bs-toggle=\"modal\" data-bs-target=\"#lb-detail-1756469172\" class=\"more-btn\">+<\/a>\n\t\t\t\t\t<!-- Modal -->\n\t\t\t\t\t<div class=\"modal fade\" id=\"lb-detail-1756469172\" data-bs-backdrop=\"static\" data-bs-keyboard=\"false\" tabindex=\"-1\" aria-labelledby=\"teamLabel\" aria-hidden=\"true\">\n\t\t\t\t\t\t<div class=\"modal-dialog modal-dialog-centered\">\n\t\t\t\t\t\t\t<div class=\"modal-content\">\n\t\t\t\t\t\t\t\t<div class=\"modal-body\">\n\t\t\t\t\t\t\t\t\t<div class=\"popup-box d-sm-flex\">\n\t\t\t\t\t\t\t\t\t\t<div class=\"content-box\">\n\t\t\t\t\t\t\t\t\t\t\t<p><strong>L\u2019apprentissage interg\u00e9n\u00e9rationnel dans les \u00e9coles<\/strong> :<\/p>\n<p>Les a\u00een\u00e9s francophones ont mis en place des ateliers d\u2019apprentissage portant sur leurs talents et expertises acquis par passion ou par m\u00e9tier pour les \u00e9l\u00e8ves.<\/p>\n<p>En offrant ces ateliers d\u2019apprentissage aux \u00e9l\u00e8ves, les a\u00een\u00e9s contribuent \u00e0 l\u2019am\u00e9lioration des lacunes rencontr\u00e9es par les \u00e9l\u00e8ves pendant leurs parcours scolaires, \u00e0 la transmission de comp\u00e9tences dans certains domaines tel que la ma\u00eetrise de la langue fran\u00e7aise, l\u2019orientation des \u00e9tudes, l\u2019initiation \u00e0 certaines passions (photographie, cuisine, sports, etc.)<\/p>\n\t\t\t\t\t\t\t\t\t\t\t\t\t\t\t\t\t\t\t\t\t\t\t<a href=\"https:\/\/bbbv.francophonie-calgary.ca\/programme-intergenerationnel\/ateliers-dapprentissage-pour-les-ecoles\/\" class=\"mt-2 btn btn-primary\">\n\t\t\t\t\t\t\t\t\t\t\t\t\tAteliers d\u2019apprentissage pour les \u00e9coles\t\t\t\t\t\t\t\t\t\t\t\t<\/a>\n\t\t\t\t\t\t\t\t\t\t\t\t\t\t\t\t\t\t\t\t\t\t<\/div>\n\t\t\t\t\t\t\t\t\t<\/div>\n\t\t\t\t\t\t\t\t<\/div>\n\t\t\t\t\t\t\t\t<button type=\"button\" data-bs-dismiss=\"modal\"><i class=\"far fa-window-close\"><\/i><\/button>\n\t\t\t\t\t\t\t<\/div>\n\t\t\t\t\t\t<\/div>\n\t\t\t\t\t<\/div>\n\t\t\t\t<\/div>\n\t\t\t<\/div><!-- Image Content \/- -->\n\t\t\t[\/vc_column][\/vc_row][vc_row css=&#8221;.vc_custom_1699291891081{margin-top: -20px !important;background-color: #f4f7fb !important;}&#8221;][vc_column css=&#8221;.vc_custom_1699086873856{padding-top: 0px !important;}&#8221;]\t\t\t<!-- HTML CODE WILL GOES HERE - START -->\n\t\t\t<!-- Services -->\n\t\t\t<div class=\"theme-services-2 bg-gray  pt_120 pb_120\">\n\t\t\t\t<div class=\"container\">\n\t\t\t\t\t\t\t\t\t\t\t<div class=\"section-header section-header-2 text-center mb_50\">\n\t\t\t\t\t\t\t<h4>Ces ateliers permettent :\n<\/h4>\n\t\t\t\t\t\t<\/div>\n\t\t\t\t\t\t\t\t\t\t\t<div class=\"row gy-4\">\n\t\t\t\t\t\t\t\t\t\t\t\t\t\t<div class=\"col-md-4\">\n\t\t\t\t\t\t\t\t\t<div class=\"srv-box-inner bg-white h-100\">\n\t\t\t\t\t\t\t\t\t\t<div class=\"srv-box text-center\">\n\t\t\t\t\t\t\t\t\t\t\t<i class=\"fas fa-check-square\"><\/i>\n\t\t\t\t\t\t\t\t\t\t\t<h6>La valorisation et la pr\u00e9servation des savoir-faire\n<\/h6>\n\t\t\t\t\t\t\t\t\t\t<\/div>\n\t\t\t\t\t\t\t\t\t<\/div>\n\t\t\t\t\t\t\t\t<\/div>\n\t\t\t\t\t\t\t\t\t\t\t\t\t\t\t\t<div class=\"col-md-4\">\n\t\t\t\t\t\t\t\t\t<div class=\"srv-box-inner bg-white h-100\">\n\t\t\t\t\t\t\t\t\t\t<div class=\"srv-box text-center\">\n\t\t\t\t\t\t\t\t\t\t\t<i class=\"fas fa-check-square\"><\/i>\n\t\t\t\t\t\t\t\t\t\t\t<h6>Le transfert des savoirs et comp\u00e9tences dans le but d'am\u00e9liorer les pratiques et les comp\u00e9tences du personnel des organismes et des \u00e9l\u00e8ves\n<\/h6>\n\t\t\t\t\t\t\t\t\t\t<\/div>\n\t\t\t\t\t\t\t\t\t<\/div>\n\t\t\t\t\t\t\t\t<\/div>\n\t\t\t\t\t\t\t\t\t\t\t\t\t\t\t\t<div class=\"col-md-4\">\n\t\t\t\t\t\t\t\t\t<div class=\"srv-box-inner bg-white h-100\">\n\t\t\t\t\t\t\t\t\t\t<div class=\"srv-box text-center\">\n\t\t\t\t\t\t\t\t\t\t\t<i class=\"fas fa-check-square\"><\/i>\n\t\t\t\t\t\t\t\t\t\t\t<h6>Le d\u00e9veloppement des comp\u00e9tences \n<\/h6>\n\t\t\t\t\t\t\t\t\t\t<\/div>\n\t\t\t\t\t\t\t\t\t<\/div>\n\t\t\t\t\t\t\t\t<\/div>\n\t\t\t\t\t\t\t\t\t\t\t\t\t\t\t\t<div class=\"col-md-4\">\n\t\t\t\t\t\t\t\t\t<div class=\"srv-box-inner bg-white h-100\">\n\t\t\t\t\t\t\t\t\t\t<div class=\"srv-box text-center\">\n\t\t\t\t\t\t\t\t\t\t\t<i class=\"fas fa-check-square\"><\/i>\n\t\t\t\t\t\t\t\t\t\t\t<h6>La compl\u00e9mentarit\u00e9\n<\/h6>\n\t\t\t\t\t\t\t\t\t\t<\/div>\n\t\t\t\t\t\t\t\t\t<\/div>\n\t\t\t\t\t\t\t\t<\/div>\n\t\t\t\t\t\t\t\t\t\t\t\t\t\t\t\t<div class=\"col-md-4\">\n\t\t\t\t\t\t\t\t\t<div class=\"srv-box-inner bg-white h-100\">\n\t\t\t\t\t\t\t\t\t\t<div class=\"srv-box text-center\">\n\t\t\t\t\t\t\t\t\t\t\t<i class=\"fas fa-check-square\"><\/i>\n\t\t\t\t\t\t\t\t\t\t\t<h6>La cr\u00e9ation des liens interg\u00e9n\u00e9rationnels durables\n<\/h6>\n\t\t\t\t\t\t\t\t\t\t<\/div>\n\t\t\t\t\t\t\t\t\t<\/div>\n\t\t\t\t\t\t\t\t<\/div>\n\t\t\t\t\t\t\t\t\t\t\t\t\n\t\t\t\t\t<\/div>\n\t\t\t\t<\/div>\n\t\t\t<\/div><!-- Services -->\n\t\t\t<!-- HTML CODE WILL GOES HERE - END -->\n\t\t\t[\/vc_column][\/vc_row][vc_row][vc_column width=&#8221;1\/6&#8243;][\/vc_column][vc_column width=&#8221;2\/3&#8243;][vc_column_text]<\/p>\n<p style=\"text-align: center;\"><strong>Ce programme r\u00e9pond au souhait des ain\u00e9s d\u2019avoir l\u2019opportunit\u00e9 de partager leurs passions et leurs comp\u00e9tences dans un environnement s\u00e9curis\u00e9 et l\u00e9galement prot\u00e9g\u00e9.<\/strong><\/p>\n<p>[\/vc_column_text][\/vc_column][vc_column width=&#8221;1\/6&#8243;][\/vc_column][\/vc_row][vc_row][vc_column][vc_empty_space height=&#8221;80px&#8221;][vc_empty_space height=&#8221;80px&#8221;][vc_empty_space height=&#8221;80px&#8221;][\/vc_column][\/vc_row]<\/p>\n<\/div>","protected":false},"excerpt":{"rendered":"<p>[vc_row][vc_column][\/vc_column][\/vc_row][vc_row css=&#8221;.vc_custom_1698866813263{padding-right: 30px !important;padding-left: 30px !important;}&#8221;][vc_column width=&#8221;1\/6&#8243;][\/vc_column][vc_column width=&#8221;2\/3&#8243;][vc_empty_space height=&#8221;80px&#8221;][vc_column_text]EN &#8211; &#8230;. Devant l\u2019ampleur des besoins d\u2019accompagnement en milieu scolaire, des besoins en formation continue dans les organismes, et le d\u00e9sir des a\u00een\u00e9s d\u2019\u00eatre int\u00e9gr\u00e9s dans de nouvelles activit\u00e9s ludiques, il est devenu n\u00e9cessaire de mettre en place un programme de mentorat et d\u2019apprentissage interg\u00e9n\u00e9rationnel. Le [&hellip;]<\/p>\n","protected":false},"author":2,"featured_media":0,"parent":0,"menu_order":0,"comment_status":"closed","ping_status":"closed","template":"","meta":{"cybocfi_hide_featured_image":"","footnotes":""},"class_list":["post-1239","page","type-page","status-publish","hentry"],"_links":{"self":[{"href":"https:\/\/bbbv.francophonie-calgary.ca\/en\/wp-json\/wp\/v2\/pages\/1239","targetHints":{"allow":["GET"]}}],"collection":[{"href":"https:\/\/bbbv.francophonie-calgary.ca\/en\/wp-json\/wp\/v2\/pages"}],"about":[{"href":"https:\/\/bbbv.francophonie-calgary.ca\/en\/wp-json\/wp\/v2\/types\/page"}],"author":[{"embeddable":true,"href":"https:\/\/bbbv.francophonie-calgary.ca\/en\/wp-json\/wp\/v2\/users\/2"}],"replies":[{"embeddable":true,"href":"https:\/\/bbbv.francophonie-calgary.ca\/en\/wp-json\/wp\/v2\/comments?post=1239"}],"version-history":[{"count":3,"href":"https:\/\/bbbv.francophonie-calgary.ca\/en\/wp-json\/wp\/v2\/pages\/1239\/revisions"}],"predecessor-version":[{"id":1242,"href":"https:\/\/bbbv.francophonie-calgary.ca\/en\/wp-json\/wp\/v2\/pages\/1239\/revisions\/1242"}],"wp:attachment":[{"href":"https:\/\/bbbv.francophonie-calgary.ca\/en\/wp-json\/wp\/v2\/media?parent=1239"}],"curies":[{"name":"wp","href":"https:\/\/api.w.org\/{rel}","templated":true}]}}